{"id":482,"date":"2023-11-20T10:48:34","date_gmt":"2023-11-20T09:48:34","guid":{"rendered":"https:\/\/leiterhof.it\/impressum\/"},"modified":"2024-09-02T11:50:22","modified_gmt":"2024-09-02T09:50:22","slug":"impressum","status":"publish","type":"page","link":"https:\/\/leiterhof.it\/it\/impressum\/","title":{"rendered":"Impressum"},"content":{"rendered":"[vc_row type=&#8221;in_container&#8221; full_screen_row_position=&#8221;middle&#8221; column_margin=&#8221;default&#8221; column_direction=&#8221;default&#8221; column_direction_tablet=&#8221;default&#8221; column_direction_phone=&#8221;default&#8221; scene_position=&#8221;center&#8221; text_color=&#8221;dark&#8221; text_align=&#8221;left&#8221; row_border_radius=&#8221;none&#8221; row_border_radius_applies=&#8221;bg&#8221; overflow=&#8221;visible&#8221; overlay_strength=&#8221;0.3&#8243; gradient_direction=&#8221;left_to_right&#8221; shape_divider_position=&#8221;bottom&#8221; bg_image_animation=&#8221;none&#8221;][vc_column column_padding=&#8221;no-extra-padding&#8221; column_padding_tablet=&#8221;inherit&#8221; column_padding_phone=&#8221;inherit&#8221; column_padding_position=&#8221;all&#8221; column_element_direction_desktop=&#8221;default&#8221; column_element_spacing=&#8221;default&#8221; desktop_text_alignment=&#8221;default&#8221; tablet_text_alignment=&#8221;default&#8221; phone_text_alignment=&#8221;default&#8221; background_color_opacity=&#8221;1&#8243; background_hover_color_opacity=&#8221;1&#8243; column_backdrop_filter=&#8221;none&#8221; column_shadow=&#8221;none&#8221; column_border_radius=&#8221;none&#8221; column_link_target=&#8221;_self&#8221; column_position=&#8221;default&#8221; gradient_direction=&#8221;left_to_right&#8221; overlay_strength=&#8221;0.3&#8243; width=&#8221;1\/1&#8243; tablet_width_inherit=&#8221;default&#8221; animation_type=&#8221;default&#8221; bg_image_animation=&#8221;none&#8221; border_type=&#8221;simple&#8221; column_border_width=&#8221;none&#8221; column_border_style=&#8221;solid&#8221;][vc_row_inner column_margin=&#8221;default&#8221; column_direction=&#8221;default&#8221; column_direction_tablet=&#8221;default&#8221; column_direction_phone=&#8221;default&#8221; text_align=&#8221;left&#8221; row_position=&#8221;default&#8221; row_position_tablet=&#8221;inherit&#8221; row_position_phone=&#8221;inherit&#8221; overflow=&#8221;visible&#8221; pointer_events=&#8221;all&#8221;][vc_column_inner column_padding=&#8221;no-extra-padding&#8221; column_padding_tablet=&#8221;inherit&#8221; column_padding_phone=&#8221;inherit&#8221; column_padding_position=&#8221;all&#8221; column_element_direction_desktop=&#8221;default&#8221; column_element_spacing=&#8221;default&#8221; desktop_text_alignment=&#8221;default&#8221; tablet_text_alignment=&#8221;default&#8221; phone_text_alignment=&#8221;default&#8221; background_color_opacity=&#8221;1&#8243; background_hover_color_opacity=&#8221;1&#8243; column_backdrop_filter=&#8221;none&#8221; column_shadow=&#8221;none&#8221; column_border_radius=&#8221;none&#8221; column_link_target=&#8221;_self&#8221; overflow=&#8221;visible&#8221; gradient_direction=&#8221;left_to_right&#8221; overlay_strength=&#8221;0.3&#8243; width=&#8221;1\/1&#8243; tablet_width_inherit=&#8221;default&#8221; animation_type=&#8221;default&#8221; bg_image_animation=&#8221;none&#8221; border_type=&#8221;simple&#8221; column_border_width=&#8221;none&#8221; column_border_style=&#8221;solid&#8221;][vc_raw_html]JTNDYSUyMGhyZWYlM0QlMjIlMjMlMjIlMjBvbmNsaWNrJTNEJTIyd2luZG93Lmhpc3RvcnkuYmFjayUyOCUyOSUzQiUyMiUzRSVFMiU4NiU5MCUyMEluZGlldHJvJTNDJTJGYSUzRQ==[\/vc_raw_html][\/vc_column_inner][\/vc_row_inner][vc_row_inner column_margin=&#8221;default&#8221; column_direction=&#8221;default&#8221; column_direction_tablet=&#8221;default&#8221; column_direction_phone=&#8221;default&#8221; text_align=&#8221;left&#8221; row_position=&#8221;default&#8221; row_position_tablet=&#8221;inherit&#8221; row_position_phone=&#8221;inherit&#8221; overflow=&#8221;visible&#8221; pointer_events=&#8221;all&#8221;][vc_column_inner column_padding=&#8221;no-extra-padding&#8221; column_padding_tablet=&#8221;inherit&#8221; column_padding_phone=&#8221;inherit&#8221; column_padding_position=&#8221;all&#8221; column_element_direction_desktop=&#8221;default&#8221; column_element_spacing=&#8221;default&#8221; desktop_text_alignment=&#8221;default&#8221; tablet_text_alignment=&#8221;default&#8221; phone_text_alignment=&#8221;default&#8221; background_color_opacity=&#8221;1&#8243; background_hover_color_opacity=&#8221;1&#8243; column_backdrop_filter=&#8221;none&#8221; column_shadow=&#8221;none&#8221; column_border_radius=&#8221;none&#8221; column_link_target=&#8221;_self&#8221; overflow=&#8221;visible&#8221; gradient_direction=&#8221;left_to_right&#8221; overlay_strength=&#8221;0.3&#8243; width=&#8221;1\/1&#8243; tablet_width_inherit=&#8221;default&#8221; animation_type=&#8221;default&#8221; bg_image_animation=&#8221;none&#8221; border_type=&#8221;simple&#8221; column_border_width=&#8221;none&#8221; column_border_style=&#8221;solid&#8221;][vc_column_text css=&#8221;&#8221; text_direction=&#8221;default&#8221;]\n<h2>Impressum<\/h2>\n<p><strong>Proprietario del sito web<\/strong><\/p>\n<h4>Chalet Leitn-Anger<\/h4>\n<div class=\"textwidget\">\n<p class=\"p1\"><strong>Leiterhof<br \/>\n<\/strong>Famiglia Gufler<br \/>\nValtina 37<br \/>\n39015 San Leonardo in Val Passiria<br \/>\nAlto Adige . Italia<\/p>\n<p class=\"p1\"><strong>Cellulare:<\/strong> <a href=\"tel:+393494987374\">+39 349 4987374<\/a><br \/>\n<span class=\"s1\"><strong>E-mail:<\/strong> <a href=\"mailto:info@leiterhof.it\">info@leiterhof.it<\/a><\/span><\/p>\n<\/div>\n<p><strong>Webdesign &amp; Programmierung<\/strong><\/p>\n<p><a href=\"http:\/\/www.fahrner.it\/\" target=\"_blank\" rel=\"noopener\">fahrner web . grafik<\/a><\/p>\n<p><strong>Immagini<\/strong><\/p>\n<p class=\"p1\">Tourismusverein Passeiertal\/Benjamin Pfitscher<br \/>\nTourismusverein Passeiertal<br \/>\nTourismusverein Passeiertal\/Petr Blaha<\/p>\n<p>Informazioni obbligatorie secondo il Regolamento UE n. 524\/2013 del Parlamento Europeo e del Consiglio Piattaforma per la risoluzione delle controversie online dei consumatori (ODR) della Commissione Europea: http:\/\/ec.europa.eu\/consumers\/odr<\/p>\n<p><strong>1. contenuto dell\u2019offerta online<\/strong><br \/>\nCi impegniamo a fornire informazioni corrette e complete su questo sito web. Tuttavia, non ci assumiamo alcuna responsabilit\u00e0 o garanzia per l\u2019attualit\u00e0, la correttezza e la completezza delle informazioni fornite. Ci riserviamo il diritto di apportare modifiche o integrazioni alle informazioni fornite senza preavviso.<\/p>\n<p><strong>2 Riferimenti e link<\/strong><br \/>\nNonostante l\u2019attento controllo dei contenuti, non ci assumiamo alcuna responsabilit\u00e0 per il contenuto dei link esterni. I gestori delle pagine collegate sono gli unici responsabili del loro contenuto.<\/p>\n<p><strong>3. copyright (diritto d\u2019autore e di etichettatura)<\/strong><br \/>\nIl contenuto di questo sito web \u00e8 protetto da copyright. La riproduzione o l\u2019utilizzo in altre pubblicazioni elettroniche o stampate non \u00e8 consentita senza il nostro esplicito consenso.<\/p>\n<p><a href=\"http:\/\/ec.europa.eu\/consumers\/odr\/\">http:\/\/ec.europa.eu\/consumers\/odr\/<\/a><\/p>\n<p><strong>4. protezione dei dati<\/strong><br \/>\nAi sensi della legge italiana del 31.12.1996 n. 675 \u201cPrivacy\u201d artt. 10 e 13<br \/>\nRichiesta, correzione e\/o cancellazione (ad eccezione dei dati commerciali) dei dati personali tramite <span class=\"s1\"> <a href=\"mailto:leiterhof@outlook.com\">leiterhof@outlook.com<\/a><\/span><\/p>\n<p>In linea di principio, \u00e8 possibile navigare in modo anonimo. Quando vi registrate per un servizio, vi chiediamo il vostro nome e altre informazioni personali. La decisione di inserire questi dati spetta all\u2019utente.<\/p>\n<p>I dati registrati vengono memorizzati sui nostri server protetti e tramite Google Analytics e utilizzati solo internamente.<\/p>\n<p>I cookie (file di testo memorizzati localmente dal browser) ci aiutano a ottimizzare il nostro sito web in base alle vostre esigenze e ai vostri desideri. I dati personali vengono quindi memorizzati solo su vostra esplicita richiesta (ad esempio per i moduli o i login).<\/p>\n<p>I file di log (parametri di accesso alle pagine) vengono da noi valutati statisticamente per analizzare le tendenze.<\/p>\n<p><strong>5 Validit\u00e0 legale<\/strong><br \/>\nSe parti o singole formulazioni del presente testo non sono, non sono pi\u00f9 o non sono pienamente conformi alla situazione legale applicabile, il contenuto e la validit\u00e0 delle restanti parti del documento rimangono inalterati. L\u2019utilizzo del sito web non d\u00e0 luogo a contratti o diritti. Eventuali controversie legali saranno risolte dal tribunale competente.<\/p>\n<p>Esclusione di responsabilit\u00e0:<br \/>\nQuesto sito web contiene link a siti esterni che sono gestiti, pubblicati, operati o emessi da operatori esterni.<br \/>\nQuesti siti non rientrano nella nostra sfera di influenza. Pertanto, non possiamo assumerci alcuna garanzia o responsabilit\u00e0 per il loro contenuto. Gli operatori di questi siti sono gli unici responsabili del loro contenuto. Al momento della creazione dei link, i siti esterni collegati non presentavano contenuti palesemente illegali.<br \/>\nLa nostra opinione pu\u00f2 differire dalle opinioni espresse sui siti esterni. Questo sito web viene aggiornato regolarmente. Tuttavia, non \u00e8 possibile garantire la correttezza, la legalit\u00e0, l\u2019attualit\u00e0, la completezza e la disponibilit\u00e0 delle informazioni e dei dati.[\/vc_column_text][\/vc_column_inner][\/vc_row_inner][\/vc_column][\/vc_row]\n","protected":false},"excerpt":{"rendered":"<p>[vc_row type=&#8221;in_container&#8221; full_screen_row_position=&#8221;middle&#8221; column_margin=&#8221;default&#8221; column_direction=&#8221;default&#8221; column_direction_tablet=&#8221;default&#8221; column_direction_phone=&#8221;default&#8221; scene_position=&#8221;center&#8221; text_color=&#8221;dark&#8221; text_align=&#8221;left&#8221; row_border_radius=&#8221;none&#8221; row_border_radius_applies=&#8221;bg&#8221; overflow=&#8221;visible&#8221; overlay_strength=&#8221;0.3&#8243; gradient_direction=&#8221;left_to_right&#8221; shape_divider_position=&#8221;bottom&#8221; bg_image_animation=&#8221;none&#8221;][vc_column column_padding=&#8221;no-extra-padding&#8221; column_padding_tablet=&#8221;inherit&#8221; column_padding_phone=&#8221;inherit&#8221; column_padding_position=&#8221;all&#8221; column_element_direction_desktop=&#8221;default&#8221; column_element_spacing=&#8221;default&#8221; desktop_text_alignment=&#8221;default&#8221; tablet_text_alignment=&#8221;default&#8221; phone_text_alignment=&#8221;default&#8221; background_color_opacity=&#8221;1&#8243; background_hover_color_opacity=&#8221;1&#8243; column_backdrop_filter=&#8221;none&#8221; column_shadow=&#8221;none&#8221;&#8230;<\/p>\n","protected":false},"author":2,"featured_media":0,"parent":0,"menu_order":8,"comment_status":"closed","ping_status":"closed","template":"","meta":{"footnotes":""},"class_list":["post-482","page","type-page","status-publish"],"yoast_head":"<!-- This site is optimized with the Yoast SEO plugin v27.4 - https:\/\/yoast.com\/product\/yoast-seo-wordpress\/ -->\n<title>Impressum | Chalet Leitn Anger<\/title>\n<meta name=\"robots\" content=\"index, follow, max-snippet:-1, max-image-preview:large, max-video-preview:-1\" \/>\n<link rel=\"canonical\" href=\"https:\/\/leiterhof.it\/it\/impressum\/\" \/>\n<meta property=\"og:locale\" content=\"it_IT\" \/>\n<meta property=\"og:type\" content=\"article\" \/>\n<meta property=\"og:title\" content=\"Impressum | Chalet Leitn Anger\" \/>\n<meta property=\"og:description\" content=\"[vc_row type=&#8221;in_container&#8221; full_screen_row_position=&#8221;middle&#8221; column_margin=&#8221;default&#8221; column_direction=&#8221;default&#8221; column_direction_tablet=&#8221;default&#8221; column_direction_phone=&#8221;default&#8221; scene_position=&#8221;center&#8221; text_color=&#8221;dark&#8221; text_align=&#8221;left&#8221; row_border_radius=&#8221;none&#8221; row_border_radius_applies=&#8221;bg&#8221; overflow=&#8221;visible&#8221; overlay_strength=&#8221;0.3&#8243; gradient_direction=&#8221;left_to_right&#8221; shape_divider_position=&#8221;bottom&#8221; bg_image_animation=&#8221;none&#8221;][vc_column column_padding=&#8221;no-extra-padding&#8221; column_padding_tablet=&#8221;inherit&#8221; column_padding_phone=&#8221;inherit&#8221; column_padding_position=&#8221;all&#8221; column_element_direction_desktop=&#8221;default&#8221; column_element_spacing=&#8221;default&#8221; desktop_text_alignment=&#8221;default&#8221; tablet_text_alignment=&#8221;default&#8221; phone_text_alignment=&#8221;default&#8221; background_color_opacity=&#8221;1&#8243; background_hover_color_opacity=&#8221;1&#8243; column_backdrop_filter=&#8221;none&#8221; column_shadow=&#8221;none&#8221;...\" \/>\n<meta property=\"og:url\" content=\"https:\/\/leiterhof.it\/it\/impressum\/\" \/>\n<meta property=\"og:site_name\" content=\"Chalet Leitn Anger\" \/>\n<meta property=\"article:modified_time\" content=\"2024-09-02T09:50:22+00:00\" \/>\n<meta property=\"og:image\" content=\"https:\/\/leiterhof.it\/wordpress\/wp-content\/uploads\/2023\/11\/Chalet_LeitnAnger.jpg\" \/>\n\t<meta property=\"og:image:width\" content=\"1920\" \/>\n\t<meta property=\"og:image:height\" content=\"1440\" \/>\n\t<meta property=\"og:image:type\" content=\"image\/jpeg\" \/>\n<meta name=\"twitter:card\" content=\"summary_large_image\" \/>\n<meta name=\"twitter:label1\" content=\"Est. reading time\" \/>\n\t<meta name=\"twitter:data1\" content=\"3 minutes\" \/>\n<script type=\"application\/ld+json\" class=\"yoast-schema-graph\">{\"@context\":\"https:\\\/\\\/schema.org\",\"@graph\":[{\"@type\":\"WebPage\",\"@id\":\"https:\\\/\\\/leiterhof.it\\\/it\\\/impressum\\\/\",\"url\":\"https:\\\/\\\/leiterhof.it\\\/it\\\/impressum\\\/\",\"name\":\"Impressum | Chalet Leitn Anger\",\"isPartOf\":{\"@id\":\"https:\\\/\\\/leiterhof.it\\\/it\\\/#website\"},\"datePublished\":\"2023-11-20T09:48:34+00:00\",\"dateModified\":\"2024-09-02T09:50:22+00:00\",\"breadcrumb\":{\"@id\":\"https:\\\/\\\/leiterhof.it\\\/it\\\/impressum\\\/#breadcrumb\"},\"inLanguage\":\"it-IT\",\"potentialAction\":[{\"@type\":\"ReadAction\",\"target\":[\"https:\\\/\\\/leiterhof.it\\\/it\\\/impressum\\\/\"]}]},{\"@type\":\"BreadcrumbList\",\"@id\":\"https:\\\/\\\/leiterhof.it\\\/it\\\/impressum\\\/#breadcrumb\",\"itemListElement\":[{\"@type\":\"ListItem\",\"position\":1,\"name\":\"Startseite\",\"item\":\"https:\\\/\\\/leiterhof.it\\\/it\\\/\"},{\"@type\":\"ListItem\",\"position\":2,\"name\":\"Impressum\"}]},{\"@type\":\"WebSite\",\"@id\":\"https:\\\/\\\/leiterhof.it\\\/it\\\/#website\",\"url\":\"https:\\\/\\\/leiterhof.it\\\/it\\\/\",\"name\":\"Chalet Leitn-Anger - Urlaub auf dem Leiterhof\",\"description\":\"Urlaub auf dem Bauernhof Leiterhof in Walten im hinteren Passeiertal\",\"publisher\":{\"@id\":\"https:\\\/\\\/leiterhof.it\\\/it\\\/#organization\"},\"alternateName\":\"Leiterhof in Passeiertal\",\"potentialAction\":[{\"@type\":\"SearchAction\",\"target\":{\"@type\":\"EntryPoint\",\"urlTemplate\":\"https:\\\/\\\/leiterhof.it\\\/it\\\/?s={search_term_string}\"},\"query-input\":{\"@type\":\"PropertyValueSpecification\",\"valueRequired\":true,\"valueName\":\"search_term_string\"}}],\"inLanguage\":\"it-IT\"},{\"@type\":\"Organization\",\"@id\":\"https:\\\/\\\/leiterhof.it\\\/it\\\/#organization\",\"name\":\"Chalet Leitn-Anger\",\"alternateName\":\"Leiterhof in Walten\",\"url\":\"https:\\\/\\\/leiterhof.it\\\/it\\\/\",\"logo\":{\"@type\":\"ImageObject\",\"inLanguage\":\"it-IT\",\"@id\":\"https:\\\/\\\/leiterhof.it\\\/it\\\/#\\\/schema\\\/logo\\\/image\\\/\",\"url\":\"https:\\\/\\\/leiterhof.it\\\/wordpress\\\/wp-content\\\/uploads\\\/2023\\\/11\\\/Logo2x.png\",\"contentUrl\":\"https:\\\/\\\/leiterhof.it\\\/wordpress\\\/wp-content\\\/uploads\\\/2023\\\/11\\\/Logo2x.png\",\"width\":800,\"height\":533,\"caption\":\"Chalet Leitn-Anger\"},\"image\":{\"@id\":\"https:\\\/\\\/leiterhof.it\\\/it\\\/#\\\/schema\\\/logo\\\/image\\\/\"},\"sameAs\":[\"https:\\\/\\\/www.instagram.com\\\/chalet_leitn_anger\\\/\"]}]}<\/script>\n<!-- \/ Yoast SEO plugin. -->","yoast_head_json":{"title":"Impressum | Chalet Leitn Anger","robots":{"index":"index","follow":"follow","max-snippet":"max-snippet:-1","max-image-preview":"max-image-preview:large","max-video-preview":"max-video-preview:-1"},"canonical":"https:\/\/leiterhof.it\/it\/impressum\/","og_locale":"it_IT","og_type":"article","og_title":"Impressum | Chalet Leitn Anger","og_description":"[vc_row type=&#8221;in_container&#8221; full_screen_row_position=&#8221;middle&#8221; column_margin=&#8221;default&#8221; column_direction=&#8221;default&#8221; column_direction_tablet=&#8221;default&#8221; column_direction_phone=&#8221;default&#8221; scene_position=&#8221;center&#8221; text_color=&#8221;dark&#8221; text_align=&#8221;left&#8221; row_border_radius=&#8221;none&#8221; row_border_radius_applies=&#8221;bg&#8221; overflow=&#8221;visible&#8221; overlay_strength=&#8221;0.3&#8243; gradient_direction=&#8221;left_to_right&#8221; shape_divider_position=&#8221;bottom&#8221; bg_image_animation=&#8221;none&#8221;][vc_column column_padding=&#8221;no-extra-padding&#8221; column_padding_tablet=&#8221;inherit&#8221; column_padding_phone=&#8221;inherit&#8221; column_padding_position=&#8221;all&#8221; column_element_direction_desktop=&#8221;default&#8221; column_element_spacing=&#8221;default&#8221; desktop_text_alignment=&#8221;default&#8221; tablet_text_alignment=&#8221;default&#8221; phone_text_alignment=&#8221;default&#8221; background_color_opacity=&#8221;1&#8243; background_hover_color_opacity=&#8221;1&#8243; column_backdrop_filter=&#8221;none&#8221; column_shadow=&#8221;none&#8221;...","og_url":"https:\/\/leiterhof.it\/it\/impressum\/","og_site_name":"Chalet Leitn Anger","article_modified_time":"2024-09-02T09:50:22+00:00","og_image":[{"width":1920,"height":1440,"url":"https:\/\/leiterhof.it\/wordpress\/wp-content\/uploads\/2023\/11\/Chalet_LeitnAnger.jpg","type":"image\/jpeg"}],"twitter_card":"summary_large_image","twitter_misc":{"Est. reading time":"3 minutes"},"schema":{"@context":"https:\/\/schema.org","@graph":[{"@type":"WebPage","@id":"https:\/\/leiterhof.it\/it\/impressum\/","url":"https:\/\/leiterhof.it\/it\/impressum\/","name":"Impressum | Chalet Leitn Anger","isPartOf":{"@id":"https:\/\/leiterhof.it\/it\/#website"},"datePublished":"2023-11-20T09:48:34+00:00","dateModified":"2024-09-02T09:50:22+00:00","breadcrumb":{"@id":"https:\/\/leiterhof.it\/it\/impressum\/#breadcrumb"},"inLanguage":"it-IT","potentialAction":[{"@type":"ReadAction","target":["https:\/\/leiterhof.it\/it\/impressum\/"]}]},{"@type":"BreadcrumbList","@id":"https:\/\/leiterhof.it\/it\/impressum\/#breadcrumb","itemListElement":[{"@type":"ListItem","position":1,"name":"Startseite","item":"https:\/\/leiterhof.it\/it\/"},{"@type":"ListItem","position":2,"name":"Impressum"}]},{"@type":"WebSite","@id":"https:\/\/leiterhof.it\/it\/#website","url":"https:\/\/leiterhof.it\/it\/","name":"Chalet Leitn-Anger - Urlaub auf dem Leiterhof","description":"Urlaub auf dem Bauernhof Leiterhof in Walten im hinteren Passeiertal","publisher":{"@id":"https:\/\/leiterhof.it\/it\/#organization"},"alternateName":"Leiterhof in Passeiertal","potentialAction":[{"@type":"SearchAction","target":{"@type":"EntryPoint","urlTemplate":"https:\/\/leiterhof.it\/it\/?s={search_term_string}"},"query-input":{"@type":"PropertyValueSpecification","valueRequired":true,"valueName":"search_term_string"}}],"inLanguage":"it-IT"},{"@type":"Organization","@id":"https:\/\/leiterhof.it\/it\/#organization","name":"Chalet Leitn-Anger","alternateName":"Leiterhof in Walten","url":"https:\/\/leiterhof.it\/it\/","logo":{"@type":"ImageObject","inLanguage":"it-IT","@id":"https:\/\/leiterhof.it\/it\/#\/schema\/logo\/image\/","url":"https:\/\/leiterhof.it\/wordpress\/wp-content\/uploads\/2023\/11\/Logo2x.png","contentUrl":"https:\/\/leiterhof.it\/wordpress\/wp-content\/uploads\/2023\/11\/Logo2x.png","width":800,"height":533,"caption":"Chalet Leitn-Anger"},"image":{"@id":"https:\/\/leiterhof.it\/it\/#\/schema\/logo\/image\/"},"sameAs":["https:\/\/www.instagram.com\/chalet_leitn_anger\/"]}]}},"_links":{"self":[{"href":"https:\/\/leiterhof.it\/it\/wp-json\/wp\/v2\/pages\/482","targetHints":{"allow":["GET"]}}],"collection":[{"href":"https:\/\/leiterhof.it\/it\/wp-json\/wp\/v2\/pages"}],"about":[{"href":"https:\/\/leiterhof.it\/it\/wp-json\/wp\/v2\/types\/page"}],"author":[{"embeddable":true,"href":"https:\/\/leiterhof.it\/it\/wp-json\/wp\/v2\/users\/2"}],"replies":[{"embeddable":true,"href":"https:\/\/leiterhof.it\/it\/wp-json\/wp\/v2\/comments?post=482"}],"version-history":[{"count":5,"href":"https:\/\/leiterhof.it\/it\/wp-json\/wp\/v2\/pages\/482\/revisions"}],"predecessor-version":[{"id":592,"href":"https:\/\/leiterhof.it\/it\/wp-json\/wp\/v2\/pages\/482\/revisions\/592"}],"wp:attachment":[{"href":"https:\/\/leiterhof.it\/it\/wp-json\/wp\/v2\/media?parent=482"}],"curies":[{"name":"wp","href":"https:\/\/api.w.org\/{rel}","templated":true}]}}